{"id":590,"date":"2022-01-17T23:15:39","date_gmt":"2022-01-17T23:15:39","guid":{"rendered":"https:\/\/countessofromanones.com\/?page_id=590"},"modified":"2022-03-02T09:51:55","modified_gmt":"2022-03-02T09:51:55","slug":"privacy-policy","status":"publish","type":"page","link":"https:\/\/countessofromanones.com\/es\/privacy-policy\/","title":{"rendered":"Pol\u00edtica de privacidad"},"content":{"rendered":"\t\t<div data-elementor-type=\"wp-page\" data-elementor-id=\"590\" class=\"elementor elementor-590\" data-elementor-post-type=\"page\">\n\t\t\t\t\t\t\t\t\t<section class=\"elementor-section elementor-top-section elementor-element elementor-element-0f88bd0 elementor-section-boxed elementor-section-height-default elementor-section-height-default\" data-id=\"0f88bd0\" data-element_type=\"section\">\n\t\t\t\t\t\t<div class=\"elementor-container elementor-column-gap-default\">\n\t\t\t\t\t<div class=\"elementor-column elementor-col-100 elementor-top-column elementor-element elementor-element-1fa24a1\" data-id=\"1fa24a1\" data-element_type=\"column\">\n\t\t\t<div class=\"elementor-widget-wrap elementor-element-populated\">\n\t\t\t\t\t\t\t\t<div class=\"elementor-element elementor-element-d22c058 elementor-widget elementor-widget-heading\" data-id=\"d22c058\" data-element_type=\"widget\" data-widget_type=\"heading.default\">\n\t\t\t\t<div class=\"elementor-widget-container\">\n\t\t\t<style>\/*! elementor - v3.18.0 - 20-12-2023 *\/\n.elementor-heading-title{padding:0;margin:0;line-height:1}.elementor-widget-heading .elementor-heading-title[class*=elementor-size-]>a{color:inherit;font-size:inherit;line-height:inherit}.elementor-widget-heading .elementor-heading-title.elementor-size-small{font-size:15px}.elementor-widget-heading .elementor-heading-title.elementor-size-medium{font-size:19px}.elementor-widget-heading .elementor-heading-title.elementor-size-large{font-size:29px}.elementor-widget-heading .elementor-heading-title.elementor-size-xl{font-size:39px}.elementor-widget-heading .elementor-heading-title.elementor-size-xxl{font-size:59px}<\/style><h2 class=\"elementor-heading-title elementor-size-default\">Pol\u00edtica de Privacidad<\/h2>\t\t<\/div>\n\t\t\t\t<\/div>\n\t\t\t\t<div class=\"elementor-element elementor-element-e611225 elementor-widget elementor-widget-text-editor\" data-id=\"e611225\" data-element_type=\"widget\" data-widget_type=\"text-editor.default\">\n\t\t\t\t<div class=\"elementor-widget-container\">\n\t\t\t<style>\/*! elementor - v3.18.0 - 20-12-2023 *\/\n.elementor-widget-text-editor.elementor-drop-cap-view-stacked .elementor-drop-cap{background-color:#69727d;color:#fff}.elementor-widget-text-editor.elementor-drop-cap-view-framed .elementor-drop-cap{color:#69727d;border:3px solid;background-color:transparent}.elementor-widget-text-editor:not(.elementor-drop-cap-view-default) .elementor-drop-cap{margin-top:8px}.elementor-widget-text-editor:not(.elementor-drop-cap-view-default) .elementor-drop-cap-letter{width:1em;height:1em}.elementor-widget-text-editor .elementor-drop-cap{float:left;text-align:center;line-height:1;font-size:50px}.elementor-widget-text-editor .elementor-drop-cap-letter{display:inline-block}<\/style>\t\t\t\t<p style=\"text-align: left;\">Fundaci\u00f3n Aline Condesa Viuda de Romanones declara su respeto y cumplimiento de las disposiciones contenidas en el Reglamento (UE) 2016\/679 (RGPD) y en la Ley 34\/2002 de Servicios de la Sociedad de la Informaci\u00f3n y de Comercio Electr\u00f3nico declarando que se han establecido todos los medios t\u00e9cnicos para evitar la p\u00e9rdida, mal uso, alteraci\u00f3n, acceso no autorizado y robo de los ficheros automatizados que contengan datos de car\u00e1cter personal. No obstante lo anterior, el usuario debe ser consciente de que las medidas de seguridad en Internet no son inexpugnables y pueden ser filtradas por actos fraudulentos de terceros.<\/p><p style=\"text-align: left;\">Le informamos que los datos que nos facilite a trav\u00e9s del sitio web ser\u00e1n incluidos en un fichero automatizado de datos de car\u00e1cter personal titularidad de Fundaci\u00f3n Aline Condesa Viuda de Romanones y que estar\u00e1 bajo la responsabilidad de la empresa. Estos datos ser\u00e1n tratados de forma confidencial y exclusiva por Fundaci\u00f3n Aline Condesa Viuda de Romanones.<\/p><p style=\"text-align: left;\">La recogida de datos se realizar\u00e1 mediante la cumplimentaci\u00f3n de los formularios de las diferentes secciones de la web. Al pulsar el bot\u00f3n \u00abenviar\u00bb y aceptar el aviso legal del formulario correspondiente, el usuario consiente y acepta que sus datos pasen a formar parte del fichero automatizado y que sean utilizados con fines comerciales y de env\u00edo de informaci\u00f3n.<\/p><p style=\"text-align: left;\">Asimismo, y salvo que se indique lo contrario, las respuestas a las preguntas de car\u00e1cter personal en los distintos formularios son voluntarias, sin que la falta de contestaci\u00f3n a dichas preguntas suponga una merma en los servicios solicitados. La falta de cumplimentaci\u00f3n de los campos determinados como obligatorios o el suministro de datos incorrectos impedir\u00e1 a Fundaci\u00f3n Aline Condesa Viuda de Romanones la prestaci\u00f3n de los servicios requeridos.<\/p><p style=\"text-align: left;\">Le informamos de la posibilidad de ejercer los derechos de acceso, rectificaci\u00f3n, cancelaci\u00f3n, oposici\u00f3n, olvido, limitaci\u00f3n y portabilidad de sus datos personales, mediante el env\u00edo de un correo electr\u00f3nico a la direcci\u00f3n fundacionromanones@gmail.com en los t\u00e9rminos establecidos en la legislaci\u00f3n vigente.<\/p>\t\t\t\t\t\t<\/div>\n\t\t\t\t<\/div>\n\t\t\t\t\t<\/div>\n\t\t<\/div>\n\t\t\t\t\t\t\t<\/div>\n\t\t<\/section>\n\t\t\t\t\t\t\t<\/div>\n\t\t","protected":false},"excerpt":{"rendered":"<p>Pol\u00edtica de Privacidad Fundaci\u00f3n Aline Condesa Viuda de Romanones declara su respeto y cumplimiento de las disposiciones contenidas en el Reglamento (UE) 2016\/679 (RGPD) y en la Ley 34\/2002 de Servicios de la Sociedad de la Informaci\u00f3n y de Comercio Electr\u00f3nico declarando que se han establecido todos los medios t\u00e9cnicos para evitar la p\u00e9rdida, mal [&hellip;]<\/p>\n","protected":false},"author":2,"featured_media":0,"parent":0,"menu_order":0,"comment_status":"closed","ping_status":"closed","template":"elementor_header_footer","meta":[],"_links":{"self":[{"href":"https:\/\/countessofromanones.com\/es\/wp-json\/wp\/v2\/pages\/590"}],"collection":[{"href":"https:\/\/countessofromanones.com\/es\/wp-json\/wp\/v2\/pages"}],"about":[{"href":"https:\/\/countessofromanones.com\/es\/wp-json\/wp\/v2\/types\/page"}],"author":[{"embeddable":true,"href":"https:\/\/countessofromanones.com\/es\/wp-json\/wp\/v2\/users\/2"}],"replies":[{"embeddable":true,"href":"https:\/\/countessofromanones.com\/es\/wp-json\/wp\/v2\/comments?post=590"}],"version-history":[{"count":17,"href":"https:\/\/countessofromanones.com\/es\/wp-json\/wp\/v2\/pages\/590\/revisions"}],"predecessor-version":[{"id":1125,"href":"https:\/\/countessofromanones.com\/es\/wp-json\/wp\/v2\/pages\/590\/revisions\/1125"}],"wp:attachment":[{"href":"https:\/\/countessofromanones.com\/es\/wp-json\/wp\/v2\/media?parent=590"}],"curies":[{"name":"wp","href":"https:\/\/api.w.org\/{rel}","templated":true}]}}