{"id":592,"date":"2022-01-17T23:16:04","date_gmt":"2022-01-17T23:16:04","guid":{"rendered":"https:\/\/countessofromanones.com\/?page_id=592"},"modified":"2022-03-02T09:47:07","modified_gmt":"2022-03-02T09:47:07","slug":"legal-notice","status":"publish","type":"page","link":"https:\/\/countessofromanones.com\/es\/legal-notice\/","title":{"rendered":"Aviso Legal"},"content":{"rendered":"\t\t<div data-elementor-type=\"wp-page\" data-elementor-id=\"592\" class=\"elementor elementor-592\" data-elementor-post-type=\"page\">\n\t\t\t\t\t\t\t\t\t<section class=\"elementor-section elementor-top-section elementor-element elementor-element-759dd2c elementor-section-boxed elementor-section-height-default elementor-section-height-default\" data-id=\"759dd2c\" data-element_type=\"section\">\n\t\t\t\t\t\t<div class=\"elementor-container elementor-column-gap-default\">\n\t\t\t\t\t<div class=\"elementor-column elementor-col-100 elementor-top-column elementor-element elementor-element-9c815cd\" data-id=\"9c815cd\" data-element_type=\"column\">\n\t\t\t<div class=\"elementor-widget-wrap elementor-element-populated\">\n\t\t\t\t\t\t\t\t<div class=\"elementor-element elementor-element-b6f433b elementor-widget elementor-widget-heading\" data-id=\"b6f433b\" data-element_type=\"widget\" data-widget_type=\"heading.default\">\n\t\t\t\t<div class=\"elementor-widget-container\">\n\t\t\t<style>\/*! elementor - v3.18.0 - 20-12-2023 *\/\n.elementor-heading-title{padding:0;margin:0;line-height:1}.elementor-widget-heading .elementor-heading-title[class*=elementor-size-]>a{color:inherit;font-size:inherit;line-height:inherit}.elementor-widget-heading .elementor-heading-title.elementor-size-small{font-size:15px}.elementor-widget-heading .elementor-heading-title.elementor-size-medium{font-size:19px}.elementor-widget-heading .elementor-heading-title.elementor-size-large{font-size:29px}.elementor-widget-heading .elementor-heading-title.elementor-size-xl{font-size:39px}.elementor-widget-heading .elementor-heading-title.elementor-size-xxl{font-size:59px}<\/style><h2 class=\"elementor-heading-title elementor-size-default\">Aviso legal<\/h2>\t\t<\/div>\n\t\t\t\t<\/div>\n\t\t\t\t<div class=\"elementor-element elementor-element-6e139e9 elementor-widget elementor-widget-text-editor\" data-id=\"6e139e9\" data-element_type=\"widget\" data-widget_type=\"text-editor.default\">\n\t\t\t\t<div class=\"elementor-widget-container\">\n\t\t\t<style>\/*! elementor - v3.18.0 - 20-12-2023 *\/\n.elementor-widget-text-editor.elementor-drop-cap-view-stacked .elementor-drop-cap{background-color:#69727d;color:#fff}.elementor-widget-text-editor.elementor-drop-cap-view-framed .elementor-drop-cap{color:#69727d;border:3px solid;background-color:transparent}.elementor-widget-text-editor:not(.elementor-drop-cap-view-default) .elementor-drop-cap{margin-top:8px}.elementor-widget-text-editor:not(.elementor-drop-cap-view-default) .elementor-drop-cap-letter{width:1em;height:1em}.elementor-widget-text-editor .elementor-drop-cap{float:left;text-align:center;line-height:1;font-size:50px}.elementor-widget-text-editor .elementor-drop-cap-letter{display:inline-block}<\/style>\t\t\t\t<p style=\"text-align: left;\">El presente aviso legal regula el uso del servicio del sitio web www. countessofromanones.com que Fundaci\u00f3n Aline Condesa Viuda de Romanones con CIF G86877511, pone a disposici\u00f3n de los usuarios de Internet.<\/p><p style=\"text-align: left;\">\u2022 Direcci\u00f3n: C\/ Pr\u00edncipe de Anglona 2, 1\u00aa Madrid<br \/>\u2022 Tel\u00e9fono: +34 91 354 08 68<\/p><p style=\"text-align: left;\">Los derechos de propiedad intelectual de la web, su c\u00f3digo fuente, dise\u00f1o, estructura de navegaci\u00f3n, bases de datos y los distintos elementos en ella contenidos (im\u00e1genes, ficheros, logos y cualquier otro elemento susceptible de protecci\u00f3n) son titularidad de Fundaci\u00f3n Aline Condesa Viuda de Romanones a quien corresponde el ejercicio exclusivo de los derechos de explotaci\u00f3n de los mismos en cualquier forma y, en especial, los derechos de reproducci\u00f3n, distribuci\u00f3n, comunicaci\u00f3n p\u00fablica y transformaci\u00f3n.<\/p><p style=\"text-align: left;\">Quedan prohibidas la reproducci\u00f3n, transformaci\u00f3n, distribuci\u00f3n, comunicaci\u00f3n p\u00fablica, puesta a disposici\u00f3n del p\u00fablico y, en general, cualquier otra forma de explotaci\u00f3n, parcial o total de los elementos referidos en el apartado anterior. Estos actos de explotaci\u00f3n s\u00f3lo podr\u00e1n ser realizados en virtud de autorizaci\u00f3n expresa de Fundaci\u00f3n Aline Condesa Viuda de Romanones y que, en todo caso, deber\u00e1n hacer referencia expl\u00edcita a la titularidad de los citados derechos de propiedad intelectual de Fundaci\u00f3n Aline Condesa Viuda de Romanones.<\/p><p style=\"text-align: left;\">Respecto a las citas de productos y servicios de terceros, la empresa reconoce a favor de sus titulares los correspondientes derechos de propiedad industrial e intelectual, no implicando su sola menci\u00f3n o aparici\u00f3n en la Web la existencia de derechos ni de responsabilidad alguna de Fundaci\u00f3n Aline Condesa Viuda de Romanones sobre los mismos, como tampoco respaldo, patrocinio o recomendaci\u00f3n a no ser que se manifieste expresamente.<\/p><p style=\"text-align: left;\">La utilizaci\u00f3n no autorizada de la informaci\u00f3n contenida en la Web, as\u00ed como la lesi\u00f3n de los derechos de Propiedad Intelectual e Industrial de Fundaci\u00f3n Aline Condesa Viuda de Romanones dar\u00e1 lugar a las responsabilidades legalmente establecidas.<\/p><p style=\"text-align: left;\">Contenidos:<\/p><p style=\"text-align: left;\">Esta web contiene materiales preparados por Fundaci\u00f3n Aline Condesa Viuda de Romanones con car\u00e1cter informativo u orientativo, pudiendo ser modificados, desarrollados o actualizados sin previo aviso.<\/p><p style=\"text-align: left;\">La documentaci\u00f3n insertada puede no reflejar el estado legislativo o jurisprudencial m\u00e1s actual. La Fundaci\u00f3n Aline Condesa Viuda de Romanones no se hace responsable de los errores, variaciones u omisiones que puedan apreciarse, as\u00ed como del uso que se haga de estos documentos. Aconsejamos consultar los boletines o diarios oficiales, as\u00ed como las fuentes informativas de las que se han obtenido las noticias.<\/p><p style=\"text-align: left;\">Los enlaces contenidos en esta p\u00e1gina web pueden conducir al usuario a otros sitios y p\u00e1ginas web de terceros sobre los que Fundaci\u00f3n Aline Condesa Viuda de Romanones no ejerce ning\u00fan tipo de control ni responde del contenido y estado de los sitios web enlazados.<\/p><p style=\"text-align: left;\">Fundaci\u00f3n Aline Condesa Viuda de Romanones no garantiza la ausencia de virus u otros elementos lesivos que pudieran causar da\u00f1os o alteraciones en el sistema inform\u00e1tico, por lo que no responde de los da\u00f1os y perjuicios que estos elementos pudieran ocasionar al usuario o a terceros.<\/p><p style=\"text-align: left;\">Todo enlace de terceros a la Web debe serlo a su p\u00e1gina principal, quedando expresamente prohibidos los \u00ablinks profundos\u00bb, el \u00abframing\u00bb y cualquier otro aprovechamiento de los contenidos de la Web a favor de terceros no autorizados.<\/p>\t\t\t\t\t\t<\/div>\n\t\t\t\t<\/div>\n\t\t\t\t\t<\/div>\n\t\t<\/div>\n\t\t\t\t\t\t\t<\/div>\n\t\t<\/section>\n\t\t\t\t\t\t\t<\/div>\n\t\t","protected":false},"excerpt":{"rendered":"<p>Aviso legal El presente aviso legal regula el uso del servicio del sitio web www. countessofromanones.com que Fundaci\u00f3n Aline Condesa Viuda de Romanones con CIF G86877511, pone a disposici\u00f3n de los usuarios de Internet. \u2022 Direcci\u00f3n: C\/ Pr\u00edncipe de Anglona 2, 1\u00aa Madrid \u2022 Tel\u00e9fono: +34 91 354 08 68 Los derechos de propiedad intelectual [&hellip;]<\/p>\n","protected":false},"author":2,"featured_media":0,"parent":0,"menu_order":0,"comment_status":"closed","ping_status":"closed","template":"elementor_header_footer","meta":[],"_links":{"self":[{"href":"https:\/\/countessofromanones.com\/es\/wp-json\/wp\/v2\/pages\/592"}],"collection":[{"href":"https:\/\/countessofromanones.com\/es\/wp-json\/wp\/v2\/pages"}],"about":[{"href":"https:\/\/countessofromanones.com\/es\/wp-json\/wp\/v2\/types\/page"}],"author":[{"embeddable":true,"href":"https:\/\/countessofromanones.com\/es\/wp-json\/wp\/v2\/users\/2"}],"replies":[{"embeddable":true,"href":"https:\/\/countessofromanones.com\/es\/wp-json\/wp\/v2\/comments?post=592"}],"version-history":[{"count":50,"href":"https:\/\/countessofromanones.com\/es\/wp-json\/wp\/v2\/pages\/592\/revisions"}],"predecessor-version":[{"id":1121,"href":"https:\/\/countessofromanones.com\/es\/wp-json\/wp\/v2\/pages\/592\/revisions\/1121"}],"wp:attachment":[{"href":"https:\/\/countessofromanones.com\/es\/wp-json\/wp\/v2\/media?parent=592"}],"curies":[{"name":"wp","href":"https:\/\/api.w.org\/{rel}","templated":true}]}}