{"id":594,"date":"2022-01-17T23:16:39","date_gmt":"2022-01-17T23:16:39","guid":{"rendered":"https:\/\/countessofromanones.com\/?page_id=594"},"modified":"2022-03-02T09:02:16","modified_gmt":"2022-03-02T09:02:16","slug":"cookies-policy","status":"publish","type":"page","link":"https:\/\/countessofromanones.com\/es\/cookies-policy\/","title":{"rendered":"Pol\u00edtica de cookies"},"content":{"rendered":"\t\t<div data-elementor-type=\"wp-page\" data-elementor-id=\"594\" class=\"elementor elementor-594\" data-elementor-post-type=\"page\">\n\t\t\t\t\t\t\t\t\t<section class=\"elementor-section elementor-top-section elementor-element elementor-element-048f5d7 elementor-section-boxed elementor-section-height-default elementor-section-height-default\" data-id=\"048f5d7\" data-element_type=\"section\">\n\t\t\t\t\t\t<div class=\"elementor-container elementor-column-gap-default\">\n\t\t\t\t\t<div class=\"elementor-column elementor-col-100 elementor-top-column elementor-element elementor-element-c5a5e16\" data-id=\"c5a5e16\" data-element_type=\"column\">\n\t\t\t<div class=\"elementor-widget-wrap elementor-element-populated\">\n\t\t\t\t\t\t\t\t<div class=\"elementor-element elementor-element-35fb71e elementor-widget elementor-widget-heading\" data-id=\"35fb71e\" data-element_type=\"widget\" data-widget_type=\"heading.default\">\n\t\t\t\t<div class=\"elementor-widget-container\">\n\t\t\t<style>\/*! elementor - v3.18.0 - 20-12-2023 *\/\n.elementor-heading-title{padding:0;margin:0;line-height:1}.elementor-widget-heading .elementor-heading-title[class*=elementor-size-]>a{color:inherit;font-size:inherit;line-height:inherit}.elementor-widget-heading .elementor-heading-title.elementor-size-small{font-size:15px}.elementor-widget-heading .elementor-heading-title.elementor-size-medium{font-size:19px}.elementor-widget-heading .elementor-heading-title.elementor-size-large{font-size:29px}.elementor-widget-heading .elementor-heading-title.elementor-size-xl{font-size:39px}.elementor-widget-heading .elementor-heading-title.elementor-size-xxl{font-size:59px}<\/style><h2 class=\"elementor-heading-title elementor-size-default\">Pol\u00edtica de Cookies<\/h2>\t\t<\/div>\n\t\t\t\t<\/div>\n\t\t\t\t<div class=\"elementor-element elementor-element-a8d9c6b elementor-widget elementor-widget-text-editor\" data-id=\"a8d9c6b\" data-element_type=\"widget\" data-widget_type=\"text-editor.default\">\n\t\t\t\t<div class=\"elementor-widget-container\">\n\t\t\t<style>\/*! elementor - v3.18.0 - 20-12-2023 *\/\n.elementor-widget-text-editor.elementor-drop-cap-view-stacked .elementor-drop-cap{background-color:#69727d;color:#fff}.elementor-widget-text-editor.elementor-drop-cap-view-framed .elementor-drop-cap{color:#69727d;border:3px solid;background-color:transparent}.elementor-widget-text-editor:not(.elementor-drop-cap-view-default) .elementor-drop-cap{margin-top:8px}.elementor-widget-text-editor:not(.elementor-drop-cap-view-default) .elementor-drop-cap-letter{width:1em;height:1em}.elementor-widget-text-editor .elementor-drop-cap{float:left;text-align:center;line-height:1;font-size:50px}.elementor-widget-text-editor .elementor-drop-cap-letter{display:inline-block}<\/style>\t\t\t\t<p style=\"text-align: left;\">Esta Pol\u00edtica de Cookies forma parte de la Pol\u00edtica de Privacidad del sitio web alojado bajo el nombre de dominio www.countessofromanones.com (el \u00abSitio Web\u00bb), as\u00ed como de la aplicaci\u00f3n m\u00f3vil (\u00abApp\u00bb) y de cualquiera de los subdominios o p\u00e1ginas web dependientes del mismo.<\/p><p style=\"text-align: left;\">Tal y como se indica en la Pol\u00edtica de Privacidad de la Fundaci\u00f3n Aline Condesa Viuda de Romanones, siempre que el Usuario d\u00e9 su consentimiento, se recoge informaci\u00f3n sobre sus visitas y el uso que hace de nuestros servicios para garantizar el acceso a determinadas funcionalidades, facilitar su uso y navegaci\u00f3n a trav\u00e9s del Sitio Web y de la App y realizar estad\u00edsticas de uso y eficacia de los servicios mediante el estudio de los h\u00e1bitos de navegaci\u00f3n de los Usuarios. Para ello, utilizamos diversas tecnolog\u00edas como scripts, etiquetas, balizas de almacenamiento local, web beacon o baliza web y las conocidas como \u00abcookies\u00bb.<\/p><p style=\"text-align: left;\"><strong>\u00bfQu\u00e9 es una cookie?<\/strong><\/p><p style=\"text-align: left;\">Una cookie es un peque\u00f1o archivo de informaci\u00f3n que se descarga en el terminal del Usuario (ya sea un ordenador, un Smartphone o una tableta) cuando \u00e9ste accede a una p\u00e1gina web y que permite al titular de dicha p\u00e1gina almacenar o recuperar determinada informaci\u00f3n.<\/p><p style=\"text-align: left;\">Las cookies se utilizan habitualmente para medir el uso de las p\u00e1ginas web como el n\u00famero de visitantes y la duraci\u00f3n de la visita y su efectividad, as\u00ed como para facilitar la navegaci\u00f3n o el uso y, como tales, no se asocian a ninguna informaci\u00f3n personal. Sin embargo, tambi\u00e9n se utilizan para personalizar la experiencia de un visitante conocido en un sitio web mediante la asociaci\u00f3n con su informaci\u00f3n de perfil o preferencias de usuario. Al ofrecer informaci\u00f3n sobre los h\u00e1bitos de navegaci\u00f3n de los Usuarios, pueden afectar a su privacidad, por ello, Fundaci\u00f3n Aline Condesa Viuda de Romanones ofrece a sus Usuarios la informaci\u00f3n necesaria sobre las cookies utilizadas por Fundaci\u00f3n Aline Condesa Viuda de Romanones para que dispongan de la informaci\u00f3n pertinente a la hora de decidir si consienten su uso.<\/p><p style=\"text-align: left;\"><strong>\u00bfPor qu\u00e9 utilizamos cookies?<\/strong><\/p><p style=\"text-align: left;\">Utilizamos cookies para obtener m\u00e1s informaci\u00f3n sobre el uso que hacen los Usuarios de nuestros contenidos y ayudarnos a mejorar su experiencia cuando visitan nuestro Sitio Web.<\/p><p style=\"text-align: left;\">Cuando el Usuario acceda al Sitio Web, se le ofrecer\u00e1 informaci\u00f3n sobre el uso de esta tecnolog\u00eda y se le solicitar\u00e1 que otorgue expresamente su consentimiento para ello. En este sentido, se informa al Usuario de que para utilizar todos los servicios y funcionalidades del Sitio Web ser\u00e1 necesario habilitar determinadas cookies en el navegador de Internet y, en caso de que el Usuario deniegue dicho consentimiento, se podr\u00e1 impedir el acceso al mismo.<\/p><p style=\"text-align: left;\">En cualquier momento, el Usuario podr\u00e1 retirar su consentimiento al uso de esta tecnolog\u00eda a trav\u00e9s de las funciones de su navegador, desactivando las cookies o bloqueando la posibilidad de descargarlas en su dispositivo o aparato. Consulte el apartado \u00ab\u00bfC\u00f3mo rechazar las cookies?\u00bb de este documento para obtener m\u00e1s informaci\u00f3n al respecto.<\/p><p style=\"text-align: left;\"><strong>Tipos de cookies<\/strong><\/p><p style=\"text-align: left;\">En el Sitio Web se utilizan los siguientes tipos de cookies:<\/p><p style=\"text-align: left;\">\u2022 Seg\u00fan la entidad que las gestiona:<\/p><ol><li style=\"text-align: left;\">Propias: Son aquellas que se env\u00edan al equipo terminal del usuario desde un equipo o dominio gestionado por el propio editor y desde el que se presta el servicio solicitado por el usuario.<\/li><li style=\"text-align: left;\">De terceros: Son aquellas que se env\u00edan al equipo terminal del usuario desde un equipo o dominio que no es gestionado por el editor, sino por otra entidad que trata los datos obtenidos a trav\u00e9s de las cookies.<\/li><\/ol><p style=\"text-align: left;\">\u2022 Seg\u00fan el tiempo que permanezcan activas:<\/p><ol><li style=\"text-align: left;\">Cookies de sesi\u00f3n: Son un tipo de cookies dise\u00f1adas para recabar y almacenar datos mientras el usuario accede a una p\u00e1gina web. Expiran una vez que el usuario abandona el Sitio Web.<\/li><li style=\"text-align: left;\">Cookies persistentes: Son un tipo de cookies en el que los datos siguen almacenados en el terminal y pueden ser accedidos y tratados durante un periodo definido por el responsable de la cookie, que puede ir de unos minutos a varios a\u00f1os.<\/li><\/ol><p style=\"text-align: left;\">\u2022 Seg\u00fan su finalidad:<\/p><ol><li style=\"text-align: left;\">Cookies t\u00e9cnicas: Permiten al usuario navegar por el Sitio Web y utilizar sus diferentes opciones o servicios.<\/li><li style=\"text-align: left;\">Cookies de an\u00e1lisis: Permiten cuantificar el n\u00famero de usuarios y el tiempo de conexi\u00f3n de los mismos y as\u00ed realizar la medici\u00f3n y an\u00e1lisis estad\u00edstico de la utilizaci\u00f3n que hacen de los servicios ofrecidos con el fin de mejorar la oferta que se ofrece a los usuarios.<\/li><li style=\"text-align: left;\">Cookies de publicidad comportamental: Estas cookies almacenan informaci\u00f3n del comportamiento de los usuarios obtenida a trav\u00e9s de la observaci\u00f3n y seguimiento continuado de sus h\u00e1bitos de navegaci\u00f3n.<\/li><\/ol><p style=\"text-align: left;\"><strong>\u00bfC\u00f3mo se rechazan las cookies?<\/strong><\/p><p style=\"text-align: left;\">En cualquier momento, usted puede impedir la instalaci\u00f3n de cookies en su ordenador a trav\u00e9s de la correspondiente opci\u00f3n de su navegador (funci\u00f3n de ayuda), pero en ese caso no podremos asegurar el correcto funcionamiento de las diferentes funcionalidades de nuestro Sitio Web.<\/p><p style=\"text-align: left;\">Aqu\u00ed tienes los enlaces para gestionar y bloquear las cookies en funci\u00f3n del navegador que utilices:<\/p><p style=\"text-align: left;\">Internet Explorer: http:\/\/windows.microsoft.com\/es-xl\/internet-explorer\/delete-manage-cooki&#8230;<\/p><p style=\"text-align: left;\">FireFox: http:\/\/support.mozilla.org\/es\/kb\/habilitar-y-deshabilitar-cookies-que-lo&#8230;.<\/p><p style=\"text-align: left;\">Chrome: https:\/\/support.google.com\/chrome\/answer\/95647?hl=es.<\/p><p style=\"text-align: left;\">Safari: www.apple.com\/es\/privacy\/use-of-cookies\/.<\/p><p style=\"text-align: left;\">Tambi\u00e9n puedes gestionar el almac\u00e9n de cookies desde otras herramientas como:<\/p><p style=\"text-align: left;\">Ghostery :www.ghostery.com.<\/p><p style=\"text-align: left;\">Sus opciones en l\u00ednea:www.youronlinechoices.com\/es.<\/p><p style=\"text-align: left;\">Modificaciones de la pol\u00edtica de cookies<\/p><p style=\"text-align: left;\">Podemos actualizar la pol\u00edtica de cookies del Sitio Web por exigencias de la normativa aplicable en cada momento, por motivos t\u00e9cnicos, por cambios en los servicios ofrecidos por Fundaci\u00f3n Aline Condesa Viuda de Romanones. Por ello, le recomendamos que revise esta pol\u00edtica cada vez que acceda a nuestro Sitio web con el objetivo de estar adecuadamente informado sobre c\u00f3mo y por qu\u00e9 utilizamos las cookies y otras tecnolog\u00edas.<\/p><p style=\"text-align: left;\">\u00a0<\/p>\t\t\t\t\t\t<\/div>\n\t\t\t\t<\/div>\n\t\t\t\t\t<\/div>\n\t\t<\/div>\n\t\t\t\t\t\t\t<\/div>\n\t\t<\/section>\n\t\t\t\t\t\t\t<\/div>\n\t\t","protected":false},"excerpt":{"rendered":"<p>Pol\u00edtica de Cookies Esta Pol\u00edtica de Cookies forma parte de la Pol\u00edtica de Privacidad del sitio web alojado bajo el nombre de dominio www.countessofromanones.com (el \u00abSitio Web\u00bb), as\u00ed como de la aplicaci\u00f3n m\u00f3vil (\u00abApp\u00bb) y de cualquiera de los subdominios o p\u00e1ginas web dependientes del mismo. Tal y como se indica en la Pol\u00edtica de [&hellip;]<\/p>\n","protected":false},"author":2,"featured_media":0,"parent":0,"menu_order":0,"comment_status":"closed","ping_status":"closed","template":"elementor_header_footer","meta":[],"_links":{"self":[{"href":"https:\/\/countessofromanones.com\/es\/wp-json\/wp\/v2\/pages\/594"}],"collection":[{"href":"https:\/\/countessofromanones.com\/es\/wp-json\/wp\/v2\/pages"}],"about":[{"href":"https:\/\/countessofromanones.com\/es\/wp-json\/wp\/v2\/types\/page"}],"author":[{"embeddable":true,"href":"https:\/\/countessofromanones.com\/es\/wp-json\/wp\/v2\/users\/2"}],"replies":[{"embeddable":true,"href":"https:\/\/countessofromanones.com\/es\/wp-json\/wp\/v2\/comments?post=594"}],"version-history":[{"count":11,"href":"https:\/\/countessofromanones.com\/es\/wp-json\/wp\/v2\/pages\/594\/revisions"}],"predecessor-version":[{"id":1097,"href":"https:\/\/countessofromanones.com\/es\/wp-json\/wp\/v2\/pages\/594\/revisions\/1097"}],"wp:attachment":[{"href":"https:\/\/countessofromanones.com\/es\/wp-json\/wp\/v2\/media?parent=594"}],"curies":[{"name":"wp","href":"https:\/\/api.w.org\/{rel}","templated":true}]}}